{"id":100010,"date":"2024-05-28T03:13:45","date_gmt":"2024-05-28T03:13:45","guid":{"rendered":"https:\/\/tabacaleradiazcabrera.com\/?page_id=100010"},"modified":"2024-06-06T17:12:32","modified_gmt":"2024-06-06T17:12:32","slug":"eladio-diaz","status":"publish","type":"page","link":"https:\/\/tabacaleradiazcabrera.com\/en\/eladio-diaz\/","title":{"rendered":"ELADIO D\u00cdAZ"},"content":{"rendered":"<p>[et_pb_section fb_built=\"1&#8243; custom_padding_last_edited=\"on|tablet\" _builder_version=\"4.24.2&#8243; _module_preset=\"default\" use_background_color_gradient=\"on\" background_color_gradient_direction=\"90deg\" background_color_gradient_stops=\"rgba(216,155,43,0.74) 9%|rgba(216,155,43,0.66) 22%|#2b3f40 22%|rgba(80,45,30,0.83) 22%\" background_color_gradient_overlays_image=\"on\" background_image=\"http:\/\/tabacaleradiazcabrera.com\/wp-content\/uploads\/2024\/03\/DGW09814-scaled.jpg\" custom_padding=\"0px||0px||true|false\" custom_padding_tablet=\"30px||30px||true|false\" custom_padding_phone=\"30px||30px||true|false\" background_last_edited=\"on|tablet\" locked=\"off\" global_colors_info=\"{}\" theme_builder_area=\"post_content\"][et_pb_row column_structure=\"2_5,3_5&#8243; _builder_version=\"4.19.1&#8243; _module_preset=\"default\" custom_padding=\"114px||114px||true|false\" custom_css_main_element=\"display: flex;||align-items: center;\" global_colors_info=\"{}\" custom_css_main_element_last_edited=\"on|tablet\" custom_css_main_element_tablet=\"display: block;\" custom_css_main_element_phone=\"display: block;\" theme_builder_area=\"post_content\"][et_pb_column type=\"2_5&#8243; _builder_version=\"4.19.1&#8243; _module_preset=\"default\" global_colors_info=\"{}\" theme_builder_area=\"post_content\"][dipl_floating_image floating_container_height_tablet=\"350px\" floating_container_height_phone=\"180px\" floating_container_height_last_edited=\"on|tablet\" _builder_version=\"4.25.1&#8243; _module_preset=\"default\" hover_enabled=\"0&#8243; global_colors_info=\"{}\" theme_builder_area=\"post_content\" sticky_enabled=\"0&#8243;][dipl_floating_image_item image=\"http:\/\/tabacaleradiazcabrera.com\/wp-content\/uploads\/2024\/05\/MPP_8496-scaled.jpg\" floatingimage_effect=\"left-right\" horizontal_align=\"38%\" horizontal_align_tablet=\"12%\" horizontal_align_phone=\"7%\" horizontal_align_last_edited=\"on|desktop\" _builder_version=\"4.25.1&#8243; _module_preset=\"default\" width=\"60%\" width_tablet=\"55%\" width_phone=\"55%\" width_last_edited=\"on|tablet\" hover_enabled=\"0&#8243; border_radii=\"off||50%||50%\" border_width_all=\"5px\" border_color_all=\"#dfdfdf\" global_colors_info=\"{}\" theme_builder_area=\"post_content\" title_text=\"MPP_8496&#8243; sticky_enabled=\"0&#8243;][\/dipl_floating_image_item][\/dipl_floating_image][\/et_pb_column][et_pb_column type=\"3_5&#8243; _builder_version=\"4.19.1&#8243; _module_preset=\"default\" global_colors_info=\"{}\" theme_builder_area=\"post_content\"][dipl_fancy_text fancy_text=\"@ET-DC@eyJkeW5hbWljIjp0cnVlLCJjb250ZW50IjoicG9zdF90aXRsZSIsInNldHRpbmdzIjp7ImJlZm9yZSI6IiIsImFmdGVyIjoiIn19@\" grandient_color_1=\"#FFFFFF\" grandient_color_2=\"#FFFFFF\" _builder_version=\"4.24.2&#8243; _dynamic_attributes=\"fancy_text\" _module_preset=\"default\" body_font=\"|800||on|||||\" body_text_align=\"left\" body_font_size=\"100px\" body_line_height=\"100px\" position_origin_a=\"top_center\" vertical_offset=\"-60px\" width=\"100%\" body_text_align_tablet=\"center\" body_text_align_phone=\"center\" body_text_align_last_edited=\"on|tablet\" body_font_size_tablet=\"60px\" body_font_size_phone=\"40px\" body_font_size_last_edited=\"on|tablet\" body_line_height_tablet=\"60px\" body_line_height_phone=\"40px\" body_line_height_last_edited=\"on|tablet\" locked=\"off\" global_colors_info=\"{}\" theme_builder_area=\"post_content\"][\/dipl_fancy_text][et_pb_text _builder_version=\"4.25.1&#8243; _module_preset=\"default\" text_text_color=\"#FFFFFF\" width=\"85%\" width_tablet=\"100%\" width_phone=\"100%\" width_last_edited=\"on|tablet\" module_alignment=\"left\" hover_enabled=\"0&#8243; text_orientation_tablet=\"center\" text_orientation_phone=\"center\" text_orientation_last_edited=\"on|tablet\" module_alignment_tablet=\"center\" module_alignment_phone=\"center\" module_alignment_last_edited=\"on|tablet\" global_colors_info=\"{}\" theme_builder_area=\"post_content\" sticky_enabled=\"0&#8243;]<\/p>\n<p><span style=\"font-weight: 400;\">Eladio Diaz Santiago es hijo del se\u00f1or Francisco Antonio Diaz y la se\u00f1ora Mar\u00eda Petronila Santiago, naci\u00f3 en Santiago el 28 de mayo 1953.\u00a0 Su madre dec\u00eda que a muy temprana edad tarareaba la canci\u00f3n de Julio Jaramillo, de Cigarro en Cigarro, expresaba la siguiente frase \u201cMama as\u00ed vivir\u00e9 mi vida, De \u201ccigarro en cigarro\u201d.<\/span><\/p>\n<p>&nbsp;<\/p>\n<p>[\/et_pb_text][dipl_button buttons_alignment=\"left\" buttons_alignment_tablet=\"center\" buttons_alignment_phone=\"center\" buttons_alignment_last_edited=\"on|tablet\" _builder_version=\"4.24.2&#8243; _module_preset=\"default\" custom_padding=\"0px|||||\" global_colors_info=\"{}\" theme_builder_area=\"post_content\"][dipl_button_item button_url=\"https:\/\/tabacaleradiazcabrera.com\/sobre-nosotros\/#nosotros\" background_fill_style=\"slide_down_fill\" button_bg_color=\"#FFFFFF\" button_use_icon=\"on\" button_icon=\"&#x24;||divi||400&#8243; _builder_version=\"4.24.2&#8243; _module_preset=\"default\" button_text_color=\"#502D1E\" button_font_size=\"42px\" button_font_size_tablet=\"30px\" button_font_size_phone=\"30px\" button_font_size_last_edited=\"on|tablet\" border_radii=\"on|50%|50%|50%|50%\" global_colors_info=\"{}\" button_bg_color__hover_enabled=\"on|hover\" button_bg_color__hover=\"#502D1E\" button_bg_enable_color__hover=\"on\" button_text_color__hover_enabled=\"on|hover\" button_text_color__hover=\"#FFFFFF\" theme_builder_area=\"post_content\"][\/dipl_button_item][\/dipl_button][\/et_pb_column][\/et_pb_row][\/et_pb_section][et_pb_section fb_built=\"1&#8243; _builder_version=\"4.19.0&#8243; _module_preset=\"default\" custom_padding=\"||4px|||\" global_colors_info=\"{}\" theme_builder_area=\"post_content\"][et_pb_row column_structure=\"1_3,1_3,1_3&#8243; _builder_version=\"4.19.0&#8243; _module_preset=\"default\" global_colors_info=\"{}\" theme_builder_area=\"post_content\"][et_pb_column type=\"1_3&#8243; _builder_version=\"4.19.0&#8243; _module_preset=\"default\" global_colors_info=\"{}\" theme_builder_area=\"post_content\"][et_pb_blurb title=\"1 World Class Master Blender\" use_icon=\"on\" font_icon=\"&#xf4ff;||fa||900&#8243; icon_color=\"#dfdfdf\" image_icon_width=\"60px\" image_icon_width_tablet=\"40px\" image_icon_width_phone=\"40px\" image_icon_width_last_edited=\"on|tablet\" _builder_version=\"4.25.1&#8243; _module_preset=\"default\" header_font_size=\"30px\" text_orientation=\"center\" header_font_size_tablet=\"24px\" header_font_size_phone=\"20px\" header_font_size_last_edited=\"on|tablet\" global_colors_info=\"{}\" theme_builder_area=\"post_content\"][\/et_pb_blurb][\/et_pb_column][et_pb_column type=\"1_3&#8243; _builder_version=\"4.19.0&#8243; _module_preset=\"default\" global_colors_info=\"{}\" theme_builder_area=\"post_content\"][et_pb_blurb title=\"10+ Paises en los que colaboramos\" use_icon=\"on\" font_icon=\"&#xf57c;||fa||900&#8243; icon_color=\"#dfdfdf\" image_icon_width=\"60px\" image_icon_width_tablet=\"40px\" image_icon_width_phone=\"40px\" image_icon_width_last_edited=\"on|tablet\" _builder_version=\"4.24.2&#8243; _module_preset=\"default\" header_font_size=\"30px\" text_orientation=\"center\" header_font_size_tablet=\"24px\" header_font_size_phone=\"20px\" header_font_size_last_edited=\"on|tablet\" global_colors_info=\"{}\" theme_builder_area=\"post_content\"][\/et_pb_blurb][\/et_pb_column][et_pb_column type=\"1_3&#8243; _builder_version=\"4.19.0&#8243; _module_preset=\"default\" global_colors_info=\"{}\" theme_builder_area=\"post_content\"][et_pb_blurb title=\"30+ clientes satisfechos\" use_icon=\"on\" font_icon=\"&#xf48d;||fa||900&#8243; icon_color=\"#dfdfdf\" image_icon_width=\"60px\" image_icon_width_tablet=\"40px\" image_icon_width_phone=\"40px\" image_icon_width_last_edited=\"on|tablet\" _builder_version=\"4.24.2&#8243; _module_preset=\"default\" header_font_size=\"30px\" text_orientation=\"center\" header_font_size_tablet=\"24px\" header_font_size_phone=\"20px\" header_font_size_last_edited=\"on|tablet\" global_colors_info=\"{}\" theme_builder_area=\"post_content\"][\/et_pb_blurb][\/et_pb_column][\/et_pb_row][\/et_pb_section][et_pb_section fb_built=\"1&#8243; custom_padding_last_edited=\"on|tablet\" _builder_version=\"4.19.0&#8243; _module_preset=\"default\" custom_padding=\"12px||0px|||\" custom_padding_tablet=\"0px||||false|false\" custom_padding_phone=\"0px||||false|false\" global_colors_info=\"{}\" theme_builder_area=\"post_content\"][et_pb_row column_structure=\"1_2,1_2&#8243; custom_padding_last_edited=\"on|phone\" _builder_version=\"4.19.0&#8243; _module_preset=\"default\" custom_padding_tablet=\"\" custom_padding_phone=\"0px||||false|false\" global_colors_info=\"{}\" theme_builder_area=\"post_content\"][et_pb_column type=\"1_2&#8243; _builder_version=\"4.19.0&#8243; _module_preset=\"default\" global_colors_info=\"{}\" theme_builder_area=\"post_content\"][dipl_double_color_heading heading_pre_part=\"World Class Master Blender\" heading_main_part=\"Eladio D\u00edaz\" display_in_stack=\"on\" module_id=\"historia\" _builder_version=\"4.25.1&#8243; _module_preset=\"default\" global_heading_settings_text_align=\"left\" pre_header_font=\"arboria||||||||\" pre_header_text_color=\"#502D1E\" pre_header_font_size=\"22px\" main_header_text_color=\"#D89B2B\" main_header_font_size=\"55px\" main_header_line_height=\"1.2em\" custom_margin=\"||0px||false|false\" hover_enabled=\"0&#8243; pre_header_font_size_tablet=\"16px\" pre_header_font_size_phone=\"16px\" pre_header_font_size_last_edited=\"on|tablet\" main_header_font_size_tablet=\"40px\" main_header_font_size_phone=\"26px\" main_header_font_size_last_edited=\"on|tablet\" locked=\"off\" global_colors_info=\"{}\" theme_builder_area=\"post_content\" sticky_enabled=\"0&#8243;][\/dipl_double_color_heading][dipl_separator separator_type=\"dipl_shadow\" separator_color=\"#502D1E\" _builder_version=\"4.24.2&#8243; _module_preset=\"default\" width=\"40%\" width_tablet=\"40%\" width_phone=\"38%\" width_last_edited=\"on|tablet\" module_alignment=\"left\" custom_padding=\"0px||||false|false\" locked=\"off\" global_colors_info=\"{}\" theme_builder_area=\"post_content\"][\/dipl_separator][et_pb_text _builder_version=\"4.25.1&#8243; _module_preset=\"default\" custom_padding_tablet=\"||50px||false|false\" custom_padding_phone=\"||50px||false|false\" custom_padding_last_edited=\"on|tablet\" hover_enabled=\"0&#8243; locked=\"off\" global_colors_info=\"{}\" theme_builder_area=\"post_content\" sticky_enabled=\"0&#8243;]<\/p>\n<p><span style=\"font-weight: 400;\">Eladio Diaz Santiago es hijo del se\u00f1or Francisco Antonio Diaz y la se\u00f1ora Mar\u00eda Petronila Santiago, naci\u00f3 en Santiago el 28 de mayo 1953.\u00a0 Su madre dec\u00eda que a muy temprana edad tarareaba la canci\u00f3n de Julio Jaramillo, de Cigarro en Cigarro, expresaba la siguiente frase \u201cMama as\u00ed vivir\u00e9 mi vida, De \u201ccigarro en cigarro\u201d.<\/span><\/p>\n<p>&nbsp;<\/p>\n<p><span style=\"font-weight: 400;\">Tal parece que el destino en complicidad con el anhelo del ni\u00f1o, su madre decide buscar ocupaci\u00f3n en su momento libre, le solicita al propietario de la f\u00e1brica \u201cLa Diana \u201cFrancisco Viloria Bencosme \u201cPanchito \u201cocupaci\u00f3n para Eladio y este le concede la petici\u00f3n a su madre; Su ocupaci\u00f3n era diversa, tal como recoger los desperdicios de tabaco, facilitar la materia prima a los tabaqueros etc.\u00a0 as\u00ed inicia su primera experiencia y larga trayectoria en el mundo del tabaco.<\/span><\/p>\n<p>&nbsp;<\/p>\n<p><span style=\"font-weight: 400;\">A la edad de 10 a\u00f1os adem\u00e1s de sus labores cotidiana ayudaba a los tabaqueros a dar terminaci\u00f3n a la elaboraci\u00f3n de un puro \u201cRolar cigarros\u201d en su tiempo libre.<\/span><\/p>\n<p>&nbsp;<\/p>\n<p>[\/et_pb_text][et_pb_text _builder_version=\"4.25.1&#8243; _module_preset=\"default\" custom_padding_tablet=\"||50px||false|false\" custom_padding_phone=\"||50px||false|false\" custom_padding_last_edited=\"on|tablet\" hover_enabled=\"0&#8243; locked=\"off\" global_colors_info=\"{}\" theme_builder_area=\"post_content\" sticky_enabled=\"0&#8243;]<\/p>\n<p>&nbsp;<\/p>\n<p><span style=\"font-weight: 400;\">\u00a0\u00a0\u00a0A la edad de 12 a\u00f1os inicia un nuevo aprendizaje, tal como despalillar, rezagar capa y capote, anillar y empacar cigarros y desempe\u00f1aba la funci\u00f3n de vendedor de cigarros en una bicicleta de carga de la misma empresa, \u201cLa Diana\u201d a las diferentes pulper\u00edas de Santiago para conseguir el pago de los tabaqueros.<\/span><\/p>\n<p>&nbsp;<\/p>\n<p><span style=\"font-weight: 400;\">\u00a0A\u00f1o 1968 se traslada a Tamboril para trabajar como tabaquero en la Fabrica La V de la Victoria, propietario Eligio Ure\u00f1a; su destreza era tal que lograba elaborar 1000 cigarros por d\u00eda.<\/span><\/p>\n<p>&nbsp;<\/p>\n<p><span style=\"font-weight: 400;\">A los 21 a\u00f1o retorna a Santiago e incursiona su labor de tabaquero en la zona industrial Victor Espaillat Mera que reci\u00e9n hab\u00eda comenzado hasta el 1977 en la f\u00e1brica Dos Gonzales Cigars, propietario Carmelo Efren Gonzales e inicia su periplo en la elaboraci\u00f3n de cigarros de alta regal\u00eda.<\/span><\/p>\n<p>&nbsp;<\/p>\n<p><span style=\"font-weight: 400;\">A\u00f1o 1977 pasa a trabajar en la Manufactura de tabaco SA \u201cMatasa\u201d propietario Manuel Quezada, Manolo hasta 1979\u00a0 a\u00f1o en que tubo su primera experiencia de jefe de planta, su funci\u00f3n era dirigente de operaciones, control de calidad y producci\u00f3n, este periodo fue crucial en su vida laboral ya que inicia sus primera experiencia\u00a0 del arte de ligar los diferentes tabacos de las diferentes zonas de tabaco, El valle del Cibao (Canca, Licey, Moca, Jacagua, Navarrete, Villa Gonzales, La Canela, Amina, Guata panal).<\/span><\/p>\n<p><span style=\"font-weight: 400;\">El a\u00f1o 1984 inicia a trabajar en Tabacos Domiciano \u201cTabadom\u201d propietario Hendrick Kelner.<\/span><\/p>\n<p><span style=\"font-weight: 400;\">La pasi\u00f3n de Eladio Diaz por el tabaco lo define como un estado de deseo persistente basado en valoraciones cognitivas del propio trabajo denominada armoniosa y afectivas.<\/span><\/p>\n<p><span style=\"font-weight: 400;\">Su pasi\u00f3n armoniosa no experimenta un impulso incontrolable a realizar la actividad apasionante, sino que esta es libremente elegida por \u00e9l.\u00a0 Su actividad ocupa un espacio significativo, pero no abrumador, se encuentra en equilibrio en otro estado de su vida.\u00a0 As\u00ed define su trabajo.<\/span><\/p>\n<p>&nbsp;<\/p>\n<p><span style=\"font-weight: 400;\">Eladio Diaz viajo por primera vez a exponer el arte de la elaboraci\u00f3n de un buen puro a diferente parte del mundo desde 1980, desde el Sur de Espa\u00f1a; Malanga, Marbella, Europa, Asia, Ocean\u00eda, Malacia, Berl\u00edn Alemania entre otros hasta el d\u00eda de hoy dando a conocer al mundo los diferentes productos de tabacos dominicanos.<\/span><\/p>\n<p><span style=\"font-weight: 400;\">A trav\u00e9s de los a\u00f1os Eladio Diaz se ha convertido en un artista liberal del tabaco demostrando al mundo la creaci\u00f3n de diferentes puros respetando gustos personales y demostrando durante su trayectoria su pasi\u00f3n.<\/span><\/p>\n<p><span style=\"font-weight: 400;\">Por medio del arte visual de elaborar un cigarro y la de gutaci\u00f3n de un buen puro es que el se\u00f1or Zino Davidoff otorga el t\u00edtulo de maestro de liga, convirtiendo al se\u00f1or Eladio Diaz en el primer Master Blender de la Rep. Dom y el mundo, dando origen al calificativo.<\/span><\/p>\n<p>[\/et_pb_text][\/et_pb_column][et_pb_column type=\"1_2&#8243; _builder_version=\"4.19.0&#8243; _module_preset=\"default\" global_colors_info=\"{}\" theme_builder_area=\"post_content\"][dipl_floating_image floating_container_height_tablet=\"350px\" floating_container_height_phone=\"180px\" floating_container_height_last_edited=\"on|tablet\" _builder_version=\"4.25.1&#8243; _module_preset=\"default\" hover_enabled=\"0&#8243; global_colors_info=\"{}\" theme_builder_area=\"post_content\" sticky_enabled=\"0&#8243;][dipl_floating_image_item image=\"http:\/\/tabacaleradiazcabrera.com\/wp-content\/uploads\/2024\/05\/MPP_8548-scaled.jpg\" horizontal_align_tablet=\"12%\" horizontal_align_phone=\"7%\" horizontal_align_last_edited=\"on|tablet\" _builder_version=\"4.25.1&#8243; _module_preset=\"default\" width=\"90%\" width_tablet=\"55%\" width_phone=\"80%\" width_last_edited=\"on|phone\" hover_enabled=\"0&#8243; border_radii=\"off|50%||50%|\" border_width_all=\"5px\" border_color_all=\"#dfdfdf\" global_colors_info=\"{}\" theme_builder_area=\"post_content\" title_text=\"MPP_8548&#8243; sticky_enabled=\"0&#8243;][\/dipl_floating_image_item][dipl_floating_image_item image=\"http:\/\/tabacaleradiazcabrera.com\/wp-content\/uploads\/2024\/03\/Diseno-sin-titulo-58.png\" floatingimage_effect=\"left-right\" horizontal_align=\"56%\" vertical_align=\"58%\" horizontal_align_tablet=\"60%\" horizontal_align_phone=\"63%\" horizontal_align_last_edited=\"on|tablet\" vertical_align_tablet=\"55%\" vertical_align_phone=\"57%\" vertical_align_last_edited=\"on|tablet\" _builder_version=\"4.24.2&#8243; _module_preset=\"default\" width=\"32%\" width_tablet=\"22%\" width_phone=\"22%\" width_last_edited=\"on|tablet\" border_color_all=\"#dfdfdf\" global_colors_info=\"{}\" theme_builder_area=\"post_content\"][\/dipl_floating_image_item][\/dipl_floating_image][\/et_pb_column][\/et_pb_row][\/et_pb_section]<\/p>\n","protected":false},"excerpt":{"rendered":"<p><div class=\"et_pb_module dipl_floating_image dipl_floating_image_0\">\n\t\t\t\t\n\t\t\t\t\n\t\t\t\t\n\t\t\t\t\n\t\t\t\t\n\t\t\t\t\n\t\t\t\t<div class=\"et_pb_module_inner\">\n\t\t\t\t\t<div class=\"dipl_floating_images_wrapper\"><div class=\"et_pb_with_border et_pb_module dipl_floating_image_item dipl_floating_image_item_0\">\n\t\t\t\t\n\t\t\t\t\n\t\t\t\t\n\t\t\t\t\n\t\t\t\t\n\t\t\t\t\n\t\t\t\t<div class=\"et_pb_module_inner\">\n\t\t\t\t\t<img decoding=\"async\" src=\"http:\/\/tabacaleradiazcabrera.com\/wp-content\/uploads\/2024\/05\/MPP_8496-scaled.jpg\" alt=\"\" srcset=\"https:\/\/tabacaleradiazcabrera.com\/wp-content\/uploads\/2024\/05\/MPP_8496-scaled.jpg 2560w, https:\/\/tabacaleradiazcabrera.com\/wp-content\/uploads\/2024\/05\/MPP_8496-1280x1024.jpg 1280w, https:\/\/tabacaleradiazcabrera.com\/wp-content\/uploads\/2024\/05\/MPP_8496-980x784.jpg 980w, https:\/\/tabacaleradiazcabrera.com\/wp-content\/uploads\/2024\/05\/MPP_8496-480x384.jpg 480w\" sizes=\"(min-width: 0px) and (max-width: 480px) 480px, (min-width: 481px) and (max-width: 980px) 980px, (min-width: 981px) and (max-width: 1280px) 1280px, (min-width: 1281px) 2560px, 100vw\" \/>\n\t\t\t\t<\/div>\n\t\t\t<\/div><\/div>\n\t\t\t\t<\/div>\n\t\t\t<\/div><div class=\"et_pb_module dipl_fancy_text dipl_fancy_text_0\">\n\t\t\t\t\n\t\t\t\t\n\t\t\t\t\n\t\t\t\t\n\t\t\t\t\n\t\t\t\t\n\t\t\t\t<div class=\"et_pb_module_inner\">\n\t\t\t\t\t<div class=dipl_gradient>\n\t\t\t\t<div class=\"dipl-text-wrapper\">\n\t\t\t\t\t<div class=\"dipl-text-wrapper-inner dipl_gradient_text\"><\/div>\n\t\t\t\t<\/div>\n\t\t\t<\/div>\n\t\t\t\t<\/div>\n\t\t\t<\/div>Eladio [&hellip;]<\/p>\n","protected":false},"author":1,"featured_media":0,"parent":0,"menu_order":0,"comment_status":"closed","ping_status":"closed","template":"","meta":{"_et_pb_use_builder":"on","_et_pb_old_content":"","_et_gb_content_width":"","footnotes":""},"class_list":["post-100010","page","type-page","status-publish","hentry"],"_links":{"self":[{"href":"https:\/\/tabacaleradiazcabrera.com\/en\/wp-json\/wp\/v2\/pages\/100010","targetHints":{"allow":["GET"]}}],"collection":[{"href":"https:\/\/tabacaleradiazcabrera.com\/en\/wp-json\/wp\/v2\/pages"}],"about":[{"href":"https:\/\/tabacaleradiazcabrera.com\/en\/wp-json\/wp\/v2\/types\/page"}],"author":[{"embeddable":true,"href":"https:\/\/tabacaleradiazcabrera.com\/en\/wp-json\/wp\/v2\/users\/1"}],"replies":[{"embeddable":true,"href":"https:\/\/tabacaleradiazcabrera.com\/en\/wp-json\/wp\/v2\/comments?post=100010"}],"version-history":[{"count":3,"href":"https:\/\/tabacaleradiazcabrera.com\/en\/wp-json\/wp\/v2\/pages\/100010\/revisions"}],"predecessor-version":[{"id":100045,"href":"https:\/\/tabacaleradiazcabrera.com\/en\/wp-json\/wp\/v2\/pages\/100010\/revisions\/100045"}],"wp:attachment":[{"href":"https:\/\/tabacaleradiazcabrera.com\/en\/wp-json\/wp\/v2\/media?parent=100010"}],"curies":[{"name":"wp","href":"https:\/\/api.w.org\/{rel}","templated":true}]}}