{"id":92899,"date":"2022-11-18T11:35:00","date_gmt":"2022-11-18T11:35:00","guid":{"rendered":"https:\/\/themes.diviplus.io\/travel-agency\/?page_id=30920"},"modified":"2024-04-16T18:29:09","modified_gmt":"2024-04-16T18:29:09","slug":"blog","status":"publish","type":"page","link":"https:\/\/tabacaleradiazcabrera.com\/en\/blog\/","title":{"rendered":"BLOG"},"content":{"rendered":"<p>[et_pb_section fb_built=\"1&#8243; custom_padding_last_edited=\"on|tablet\" _builder_version=\"4.24.2&#8243; _module_preset=\"default\" use_background_color_gradient=\"on\" background_color_gradient_direction=\"90deg\" background_color_gradient_stops=\"rgba(216,155,43,0.74) 9%|rgba(216,155,43,0.66) 22%|#2b3f40 22%|rgba(80,45,30,0.83) 22%\" background_color_gradient_overlays_image=\"on\" background_image=\"http:\/\/tabacaleradiazcabrera.com\/wp-content\/uploads\/2024\/03\/DGW09814-scaled.jpg\" custom_padding=\"0px||0px||true|false\" custom_padding_tablet=\"30px||30px||true|false\" custom_padding_phone=\"30px||30px||true|false\" background_last_edited=\"on|tablet\" locked=\"off\" global_colors_info=\"{}\"][et_pb_row column_structure=\"2_5,3_5&#8243; _builder_version=\"4.19.1&#8243; _module_preset=\"default\" custom_padding=\"92px||92px||true|false\" custom_css_main_element=\"display: flex;||align-items: center;\" global_colors_info=\"{}\" custom_css_main_element_last_edited=\"on|tablet\" custom_css_main_element_tablet=\"display: block;\" custom_css_main_element_phone=\"display: block;\"][et_pb_column type=\"2_5&#8243; _builder_version=\"4.19.1&#8243; _module_preset=\"default\" global_colors_info=\"{}\"][dipl_floating_image floating_container_height_tablet=\"350px\" floating_container_height_phone=\"180px\" floating_container_height_last_edited=\"on|tablet\" _builder_version=\"4.24.3&#8243; _module_preset=\"default\" hover_enabled=\"0&#8243; global_colors_info=\"{}\" sticky_enabled=\"0&#8243;][dipl_floating_image_item image=\"http:\/\/tabacaleradiazcabrera.com\/wp-content\/uploads\/2024\/03\/IMG_1878-scaled.jpg\" floatingimage_effect=\"left-right\" horizontal_align_tablet=\"12%\" horizontal_align_phone=\"7%\" horizontal_align_last_edited=\"on|tablet\" _builder_version=\"4.24.3&#8243; _module_preset=\"default\" width=\"57%\" width_tablet=\"55%\" width_phone=\"55%\" width_last_edited=\"on|tablet\" hover_enabled=\"0&#8243; border_radii=\"off||50%||50%\" border_width_all=\"5px\" border_color_all=\"#dfdfdf\" global_colors_info=\"{}\" horizontal_align=\"41%\" sticky_enabled=\"0&#8243;][\/dipl_floating_image_item][\/dipl_floating_image][\/et_pb_column][et_pb_column type=\"3_5&#8243; _builder_version=\"4.19.1&#8243; _module_preset=\"default\" global_colors_info=\"{}\"][dipl_fancy_text fancy_text=\"@ET-DC@eyJkeW5hbWljIjp0cnVlLCJjb250ZW50IjoicG9zdF90aXRsZSIsInNldHRpbmdzIjp7ImJlZm9yZSI6IiIsImFmdGVyIjoiIn19@\" grandient_color_1=\"#FFFFFF\" grandient_color_2=\"#FFFFFF\" _builder_version=\"4.24.2&#8243; _dynamic_attributes=\"fancy_text\" _module_preset=\"default\" body_font=\"|800||on|||||\" body_text_align=\"left\" body_font_size=\"100px\" body_line_height=\"100px\" position_origin_a=\"top_center\" vertical_offset=\"-60px\" width=\"100%\" body_text_align_tablet=\"center\" body_text_align_phone=\"center\" body_text_align_last_edited=\"on|tablet\" body_font_size_tablet=\"60px\" body_font_size_phone=\"40px\" body_font_size_last_edited=\"on|tablet\" body_line_height_tablet=\"60px\" body_line_height_phone=\"40px\" body_line_height_last_edited=\"on|tablet\" locked=\"off\" global_colors_info=\"{}\"][\/dipl_fancy_text][et_pb_text _builder_version=\"4.24.2&#8243; _module_preset=\"default\" text_text_color=\"#FFFFFF\" width=\"85%\" width_tablet=\"100%\" width_phone=\"100%\" width_last_edited=\"on|tablet\" module_alignment=\"left\" text_orientation_tablet=\"center\" text_orientation_phone=\"center\" text_orientation_last_edited=\"on|tablet\" module_alignment_tablet=\"center\" module_alignment_phone=\"center\" module_alignment_last_edited=\"on|tablet\" global_colors_info=\"{}\"]<\/p>\n<p>\u00a1Sum\u00e9rgete en el Mundo del Tabaco con Nosotros! Descubre Art\u00edculos de Inter\u00e9s Escritos por Nuestra Familia con M\u00e1s de 50 A\u00f1os de Experiencia en la Industria del Cigarro. Desde Historias de Nuestra Tradici\u00f3n Familiar hasta Consejos para Disfrutar al M\u00e1ximo de tus Cigarros, nuestro Blog es tu Fuente de Conocimiento y Pasi\u00f3n por el Tabaco Artesanal Dominicano. Explora, Aprende y Disfruta con Nosotros.<\/p>\n<p>[\/et_pb_text][dipl_button buttons_alignment=\"left\" buttons_alignment_tablet=\"center\" buttons_alignment_phone=\"center\" buttons_alignment_last_edited=\"on|tablet\" _builder_version=\"4.24.2&#8243; _module_preset=\"default\" custom_padding=\"0px|||||\" global_colors_info=\"{}\"][dipl_button_item button_url=\"https:\/\/tabacaleradiazcabrera.com\/blog\/#blog\" background_fill_style=\"slide_down_fill\" button_bg_color=\"#FFFFFF\" button_use_icon=\"on\" button_icon=\"&#x24;||divi||400&#8243; _builder_version=\"4.24.2&#8243; _module_preset=\"default\" button_text_color=\"#502D1E\" button_font_size=\"42px\" button_font_size_tablet=\"30px\" button_font_size_phone=\"30px\" button_font_size_last_edited=\"on|tablet\" border_radii=\"on|50%|50%|50%|50%\" global_colors_info=\"{}\" button_bg_color__hover_enabled=\"on|hover\" button_bg_color__hover=\"#502D1E\" button_bg_enable_color__hover=\"on\" button_text_color__hover_enabled=\"on|hover\" button_text_color__hover=\"#FFFFFF\"][\/dipl_button_item][\/dipl_button][\/et_pb_column][\/et_pb_row][\/et_pb_section][et_pb_section fb_built=\"1&#8243; _builder_version=\"4.24.2&#8243; _module_preset=\"default\" global_colors_info=\"{}\" custom_margin=\"50px|||||\"][et_pb_row _builder_version=\"4.24.2&#8243; _module_preset=\"default\" global_colors_info=\"{}\"][et_pb_column type=\"4_4&#8243; _builder_version=\"4.24.2&#8243; _module_preset=\"default\" global_colors_info=\"{}\"][et_pb_blog fullwidth=\"off\" include_categories=\"all\" show_more=\"on\" module_id=\"blog\" _builder_version=\"4.24.2&#8243; _module_preset=\"default\" border_radii=\"on|50px|50px|50px|50px\" global_colors_info=\"{}\"][\/et_pb_blog][\/et_pb_column][\/et_pb_row][\/et_pb_section]<\/p>\n","protected":false},"excerpt":{"rendered":"<p><div class=\"et_pb_module dipl_floating_image dipl_floating_image_0\">\n\t\t\t\t\n\t\t\t\t\n\t\t\t\t\n\t\t\t\t\n\t\t\t\t\n\t\t\t\t\n\t\t\t\t<div class=\"et_pb_module_inner\">\n\t\t\t\t\t<div class=\"dipl_floating_images_wrapper\"><div class=\"et_pb_with_border et_pb_module dipl_floating_image_item dipl_floating_image_item_0\">\n\t\t\t\t\n\t\t\t\t\n\t\t\t\t\n\t\t\t\t\n\t\t\t\t\n\t\t\t\t\n\t\t\t\t<div class=\"et_pb_module_inner\">\n\t\t\t\t\t<img decoding=\"async\" src=\"http:\/\/tabacaleradiazcabrera.com\/wp-content\/uploads\/2024\/03\/IMG_1878-scaled.jpg\" alt=\"\" srcset=\"https:\/\/tabacaleradiazcabrera.com\/wp-content\/uploads\/2024\/03\/IMG_1878-scaled.jpg 1707w, https:\/\/tabacaleradiazcabrera.com\/wp-content\/uploads\/2024\/03\/IMG_1878-1280x1920.jpg 1280w, https:\/\/tabacaleradiazcabrera.com\/wp-content\/uploads\/2024\/03\/IMG_1878-980x1470.jpg 980w, https:\/\/tabacaleradiazcabrera.com\/wp-content\/uploads\/2024\/03\/IMG_1878-480x720.jpg 480w\" sizes=\"(min-width: 0px) and (max-width: 480px) 480px, (min-width: 481px) and (max-width: 980px) 980px, (min-width: 981px) and (max-width: 1280px) 1280px, (min-width: 1281px) 1707px, 100vw\" \/>\n\t\t\t\t<\/div>\n\t\t\t<\/div><\/div>\n\t\t\t\t<\/div>\n\t\t\t<\/div><div class=\"et_pb_module dipl_fancy_text dipl_fancy_text_0\">\n\t\t\t\t\n\t\t\t\t\n\t\t\t\t\n\t\t\t\t\n\t\t\t\t\n\t\t\t\t\n\t\t\t\t<div class=\"et_pb_module_inner\">\n\t\t\t\t\t<div class=dipl_gradient>\n\t\t\t\t<div class=\"dipl-text-wrapper\">\n\t\t\t\t\t<div class=\"dipl-text-wrapper-inner dipl_gradient_text\"><\/div>\n\t\t\t\t<\/div>\n\t\t\t<\/div>\n\t\t\t\t<\/div>\n\t\t\t<\/div>\u00a1Sum\u00e9rgete en el Mundo del [&hellip;]<\/p>\n","protected":false},"author":1,"featured_media":0,"parent":0,"menu_order":0,"comment_status":"closed","ping_status":"closed","template":"","meta":{"_et_pb_use_builder":"on","_et_pb_old_content":"","_et_gb_content_width":"","footnotes":""},"class_list":["post-92899","page","type-page","status-publish","hentry"],"_links":{"self":[{"href":"https:\/\/tabacaleradiazcabrera.com\/en\/wp-json\/wp\/v2\/pages\/92899","targetHints":{"allow":["GET"]}}],"collection":[{"href":"https:\/\/tabacaleradiazcabrera.com\/en\/wp-json\/wp\/v2\/pages"}],"about":[{"href":"https:\/\/tabacaleradiazcabrera.com\/en\/wp-json\/wp\/v2\/types\/page"}],"author":[{"embeddable":true,"href":"https:\/\/tabacaleradiazcabrera.com\/en\/wp-json\/wp\/v2\/users\/1"}],"replies":[{"embeddable":true,"href":"https:\/\/tabacaleradiazcabrera.com\/en\/wp-json\/wp\/v2\/comments?post=92899"}],"version-history":[{"count":4,"href":"https:\/\/tabacaleradiazcabrera.com\/en\/wp-json\/wp\/v2\/pages\/92899\/revisions"}],"predecessor-version":[{"id":99991,"href":"https:\/\/tabacaleradiazcabrera.com\/en\/wp-json\/wp\/v2\/pages\/92899\/revisions\/99991"}],"wp:attachment":[{"href":"https:\/\/tabacaleradiazcabrera.com\/en\/wp-json\/wp\/v2\/media?parent=92899"}],"curies":[{"name":"wp","href":"https:\/\/api.w.org\/{rel}","templated":true}]}}