{"id":96860,"date":"2022-11-18T10:48:49","date_gmt":"2022-11-18T10:48:49","guid":{"rendered":"https:\/\/themes.diviplus.io\/travel-agency\/?page_id=30857"},"modified":"2024-04-16T18:28:09","modified_gmt":"2024-04-16T18:28:09","slug":"contactos","status":"publish","type":"page","link":"https:\/\/tabacaleradiazcabrera.com\/en\/contactos\/","title":{"rendered":"CONTACTOS"},"content":{"rendered":"<p>[et_pb_section fb_built=\"1&#8243; custom_padding_last_edited=\"on|tablet\" _builder_version=\"4.24.2&#8243; _module_preset=\"default\" use_background_color_gradient=\"on\" background_color_gradient_direction=\"90deg\" background_color_gradient_stops=\"rgba(216,155,43,0.74) 9%|rgba(216,155,43,0.66) 22%|#2b3f40 22%|rgba(80,45,30,0.83) 22%\" background_color_gradient_overlays_image=\"on\" background_image=\"http:\/\/tabacaleradiazcabrera.com\/wp-content\/uploads\/2024\/03\/DGW09814-scaled.jpg\" custom_padding=\"0px||0px||true|false\" custom_padding_tablet=\"30px||30px||true|false\" custom_padding_phone=\"30px||30px||true|false\" background_last_edited=\"on|tablet\" locked=\"off\" global_colors_info=\"{}\"][et_pb_row column_structure=\"2_5,3_5&#8243; _builder_version=\"4.19.1&#8243; _module_preset=\"default\" custom_padding=\"95px||95px||true|false\" custom_css_main_element=\"display: flex;||align-items: center;\" global_colors_info=\"{}\" custom_css_main_element_last_edited=\"on|tablet\" custom_css_main_element_tablet=\"display: block;\" custom_css_main_element_phone=\"display: block;\"][et_pb_column type=\"2_5&#8243; _builder_version=\"4.19.1&#8243; _module_preset=\"default\" global_colors_info=\"{}\"][dipl_floating_image floating_container_height_tablet=\"350px\" floating_container_height_phone=\"180px\" floating_container_height_last_edited=\"on|tablet\" _builder_version=\"4.24.3&#8243; _module_preset=\"default\" hover_enabled=\"0&#8243; global_colors_info=\"{}\" sticky_enabled=\"0&#8243;][dipl_floating_image_item image=\"http:\/\/tabacaleradiazcabrera.com\/wp-content\/uploads\/2024\/03\/IMG_1878-scaled.jpg\" floatingimage_effect=\"left-right\" horizontal_align_tablet=\"12%\" horizontal_align_phone=\"7%\" horizontal_align_last_edited=\"on|tablet\" _builder_version=\"4.24.3&#8243; _module_preset=\"default\" width=\"59%\" width_tablet=\"55%\" width_phone=\"55%\" width_last_edited=\"on|tablet\" hover_enabled=\"0&#8243; border_radii=\"off||50%||50%\" border_width_all=\"5px\" border_color_all=\"#dfdfdf\" global_colors_info=\"{}\" horizontal_align=\"44%\" sticky_enabled=\"0&#8243;][\/dipl_floating_image_item][\/dipl_floating_image][\/et_pb_column][et_pb_column type=\"3_5&#8243; _builder_version=\"4.19.1&#8243; _module_preset=\"default\" global_colors_info=\"{}\"][dipl_fancy_text fancy_text=\"@ET-DC@eyJkeW5hbWljIjp0cnVlLCJjb250ZW50IjoicG9zdF90aXRsZSIsInNldHRpbmdzIjp7ImJlZm9yZSI6IiIsImFmdGVyIjoiIn19@\" grandient_color_1=\"#FFFFFF\" grandient_color_2=\"#FFFFFF\" _builder_version=\"4.24.2&#8243; _dynamic_attributes=\"fancy_text\" _module_preset=\"default\" body_font=\"|800||on|||||\" body_text_align=\"left\" body_font_size=\"100px\" body_line_height=\"100px\" position_origin_a=\"top_center\" vertical_offset=\"-60px\" width=\"100%\" body_text_align_tablet=\"center\" body_text_align_phone=\"center\" body_text_align_last_edited=\"on|tablet\" body_font_size_tablet=\"60px\" body_font_size_phone=\"40px\" body_font_size_last_edited=\"on|tablet\" body_line_height_tablet=\"60px\" body_line_height_phone=\"40px\" body_line_height_last_edited=\"on|tablet\" locked=\"off\" global_colors_info=\"{}\"][\/dipl_fancy_text][et_pb_text _builder_version=\"4.24.2&#8243; _module_preset=\"default\" text_text_color=\"#FFFFFF\" width=\"85%\" width_tablet=\"100%\" width_phone=\"100%\" width_last_edited=\"on|tablet\" module_alignment=\"left\" text_orientation_tablet=\"center\" text_orientation_phone=\"center\" text_orientation_last_edited=\"on|tablet\" module_alignment_tablet=\"center\" module_alignment_phone=\"center\" module_alignment_last_edited=\"on|tablet\" global_colors_info=\"{}\"]<\/p>\n<p>\u00a1Con\u00e9ctate con Nosotros! En Tabacalera D\u00edaz Cabrera, nos apasiona compartir nuestra historia, conocimiento y amor por el tabaco artesanal. Estamos aqu\u00ed para ti, siempre dispuestos a responder cualquier pregunta que tengas. Y<\/p>\n<p>[\/et_pb_text][dipl_button buttons_alignment=\"left\" buttons_alignment_tablet=\"center\" buttons_alignment_phone=\"center\" buttons_alignment_last_edited=\"on|tablet\" _builder_version=\"4.24.2&#8243; _module_preset=\"default\" custom_padding=\"0px|||||\" global_colors_info=\"{}\"][dipl_button_item button_url=\"https:\/\/tabacaleradiazcabrera.com\/contactos\/#con\" background_fill_style=\"slide_down_fill\" button_bg_color=\"#FFFFFF\" button_use_icon=\"on\" button_icon=\"&#x24;||divi||400&#8243; _builder_version=\"4.24.2&#8243; _module_preset=\"default\" button_text_color=\"#502D1E\" button_font_size=\"42px\" button_font_size_tablet=\"30px\" button_font_size_phone=\"30px\" button_font_size_last_edited=\"on|tablet\" border_radii=\"on|50%|50%|50%|50%\" global_colors_info=\"{}\" button_bg_color__hover_enabled=\"on|hover\" button_bg_color__hover=\"#502D1E\" button_bg_enable_color__hover=\"on\" button_text_color__hover_enabled=\"on|hover\" button_text_color__hover=\"#FFFFFF\"][\/dipl_button_item][\/dipl_button][\/et_pb_column][\/et_pb_row][\/et_pb_section][et_pb_section fb_built=\"1&#8243; admin_label=\"section\" _builder_version=\"4.19.0&#8243; background_color=\"#ffffff\" use_background_color_gradient=\"on\" background_color_gradient_stops=\"rgba(255,255,255,0.56) 0%|#ffffff 99%\" background_color_gradient_overlays_image=\"on\" background_color_gradient_start=\"rgba(43,135,218,0)\" background_color_gradient_end=\"#242632&#8243; background_image=\"http:\/\/tabacaleradiazcabrera.com\/wp-content\/uploads\/2024\/03\/dp-traveler-map.webp\" background_size=\"contain\" locked=\"off\" global_colors_info=\"{}\"][et_pb_row column_structure=\"3_5,2_5&#8243; custom_padding_last_edited=\"on|phone\" admin_label=\"row\" _builder_version=\"4.19.0&#8243; background_enable_image=\"off\" background_size=\"contain\" background_repeat=\"repeat\" overflow-x=\"visible\" overflow-y=\"visible\" custom_padding_tablet=\"0px||0px||true|false\" custom_padding_phone=\"0px||0px||true|false\" border_radii=\"on|20px|20px|20px|20px\" global_colors_info=\"{}\"][et_pb_column type=\"3_5&#8243; _builder_version=\"4.19.0&#8243; background_enable_color=\"off\" custom_padding_tablet=\"30px|30px|30px|30px|true|true\" custom_padding_phone=\"30px|30px|30px|30px|true|true\" custom_padding_last_edited=\"off|desktop\" global_colors_info=\"{}\" custom_padding__hover=\"|||\"][dipl_double_color_heading heading_pre_part=\"Con\u00e9ctate con Nosotros\" heading_main_part=\"\u00a1Estamos Listos para Escucharte!\" display_in_stack=\"on\" module_id=\"con\" _builder_version=\"4.24.2&#8243; _module_preset=\"default\" global_heading_settings_text_align=\"left\" pre_header_font=\"||||||||\" pre_header_text_color=\"#502D1E\" pre_header_font_size=\"22px\" main_header_font_size=\"44px\" main_header_line_height=\"1.2em\" custom_margin=\"||0px||false|false\" pre_header_font_size_tablet=\"16px\" pre_header_font_size_phone=\"16px\" pre_header_font_size_last_edited=\"on|tablet\" main_header_font_size_tablet=\"40px\" main_header_font_size_phone=\"26px\" main_header_font_size_last_edited=\"on|tablet\" locked=\"off\" global_colors_info=\"{}\"][\/dipl_double_color_heading][dipl_separator separator_type=\"dipl_shadow\" separator_color=\"#502D1E\" _builder_version=\"4.24.2&#8243; _module_preset=\"default\" width=\"40%\" width_tablet=\"38%\" width_phone=\"46%\" width_last_edited=\"on|tablet\" module_alignment=\"left\" custom_padding=\"0px||||false|false\" locked=\"off\" global_colors_info=\"{}\"][\/dipl_separator][et_pb_contact_form captcha=\"off\" submit_button_text=\"Enviar\" _builder_version=\"4.24.2&#8243; _module_preset=\"default\" _unique_id=\"a81fb90e-f24e-4a0e-9268-36c5af51cec5&#8243; form_field_background_color=\"rgba(255,255,255,0.92)\" form_field_text_color=\"rgba(0,0,0,0.81)\" form_field_custom_padding=\"25px||25px||true|false\" custom_button=\"on\" button_text_color=\"#FFFFFF\" button_bg_color=\"#D89B2B\" button_border_width=\"0px\" button_border_radius=\"77px\" button_use_icon=\"off\" button_custom_margin=\"50px||||false|false\" button_custom_padding=\"12px|40px|12px|40px|true|true\" custom_margin_tablet=\"\" custom_margin_phone=\"||30px||false|false\" custom_margin_last_edited=\"on|phone\" border_radii=\"on|30px|30px|30px|30px\" box_shadow_style=\"preset1&#8243; box_shadow_color=\"rgba(0,0,0,0.16)\" global_colors_info=\"{}\" button_bg_color__hover_enabled=\"on|hover\" button_bg_color__hover=\"#502D1E\" button_bg_enable_color__hover=\"on\"][et_pb_contact_field field_id=\"Nombre\" field_title=\"Nombre\" fullwidth_field=\"on\" _builder_version=\"4.24.2&#8243; global_colors_info=\"{}\" button_text_size__hover_enabled=\"off\" button_one_text_size__hover_enabled=\"off\" button_two_text_size__hover_enabled=\"off\" button_text_color__hover_enabled=\"off\" button_one_text_color__hover_enabled=\"off\" button_two_text_color__hover_enabled=\"off\" button_border_width__hover_enabled=\"off\" button_one_border_width__hover_enabled=\"off\" button_two_border_width__hover_enabled=\"off\" button_border_color__hover_enabled=\"off\" button_one_border_color__hover_enabled=\"off\" button_two_border_color__hover_enabled=\"off\" button_border_radius__hover_enabled=\"off\" button_one_border_radius__hover_enabled=\"off\" button_two_border_radius__hover_enabled=\"off\" button_letter_spacing__hover_enabled=\"off\" button_one_letter_spacing__hover_enabled=\"off\" button_two_letter_spacing__hover_enabled=\"off\" button_bg_color__hover_enabled=\"off\" button_one_bg_color__hover_enabled=\"off\" button_two_bg_color__hover_enabled=\"off\"][\/et_pb_contact_field][et_pb_contact_field field_id=\"Correo_electr\u00f3nico\" field_title=\"Correo electr\u00f3nico\" field_type=\"email\" fullwidth_field=\"on\" _builder_version=\"4.24.2&#8243; global_colors_info=\"{}\" button_text_size__hover_enabled=\"off\" button_one_text_size__hover_enabled=\"off\" button_two_text_size__hover_enabled=\"off\" button_text_color__hover_enabled=\"off\" button_one_text_color__hover_enabled=\"off\" button_two_text_color__hover_enabled=\"off\" button_border_width__hover_enabled=\"off\" button_one_border_width__hover_enabled=\"off\" button_two_border_width__hover_enabled=\"off\" button_border_color__hover_enabled=\"off\" button_one_border_color__hover_enabled=\"off\" button_two_border_color__hover_enabled=\"off\" button_border_radius__hover_enabled=\"off\" button_one_border_radius__hover_enabled=\"off\" button_two_border_radius__hover_enabled=\"off\" button_letter_spacing__hover_enabled=\"off\" button_one_letter_spacing__hover_enabled=\"off\" button_two_letter_spacing__hover_enabled=\"off\" button_bg_color__hover_enabled=\"off\" button_one_bg_color__hover_enabled=\"off\" button_two_bg_color__hover_enabled=\"off\"][\/et_pb_contact_field][et_pb_contact_field field_id=\"Tel\u00e9fono\" field_title=\"Tel\u00e9fono\" fullwidth_field=\"on\" _builder_version=\"4.24.2&#8243; _module_preset=\"default\" global_colors_info=\"{}\"][\/et_pb_contact_field][et_pb_contact_field field_id=\"Mensaje\" field_title=\"Mensaje\" field_type=\"text\" fullwidth_field=\"on\" _builder_version=\"4.24.2&#8243; global_colors_info=\"{}\" button_text_size__hover_enabled=\"off\" button_one_text_size__hover_enabled=\"off\" button_two_text_size__hover_enabled=\"off\" button_text_color__hover_enabled=\"off\" button_one_text_color__hover_enabled=\"off\" button_two_text_color__hover_enabled=\"off\" button_border_width__hover_enabled=\"off\" button_one_border_width__hover_enabled=\"off\" button_two_border_width__hover_enabled=\"off\" button_border_color__hover_enabled=\"off\" button_one_border_color__hover_enabled=\"off\" button_two_border_color__hover_enabled=\"off\" button_border_radius__hover_enabled=\"off\" button_one_border_radius__hover_enabled=\"off\" button_two_border_radius__hover_enabled=\"off\" button_letter_spacing__hover_enabled=\"off\" button_one_letter_spacing__hover_enabled=\"off\" button_two_letter_spacing__hover_enabled=\"off\" button_bg_color__hover_enabled=\"off\" button_one_bg_color__hover_enabled=\"off\" button_two_bg_color__hover_enabled=\"off\"][\/et_pb_contact_field][\/et_pb_contact_form][\/et_pb_column][et_pb_column type=\"2_5&#8243; _builder_version=\"4.19.0&#8243; background_enable_color=\"off\" background_enable_image=\"off\" global_colors_info=\"{}\" custom_padding__hover=\"|||\"][et_pb_blurb title=\"Tel\u00e9fono\" use_icon=\"on\" font_icon=\"&#xf879;||fa||900&#8243; icon_color=\"#502D1E\" icon_placement=\"left\" image_icon_width=\"40px\" content_max_width=\"100%\" _builder_version=\"4.24.2&#8243; _module_preset=\"default\" header_text_color=\"#000000&#8243; background_color=\"#FFFFFF\" width=\"70%\" width_tablet=\"100%\" width_phone=\"100%\" width_last_edited=\"on|tablet\" module_alignment=\"left\" custom_padding=\"50px|30px|50px|30px|true|true\" border_radii=\"on|10px|10px|10px|10px\" box_shadow_style=\"preset1&#8243; box_shadow_color=\"rgba(0,0,0,0.12)\" locked=\"off\" global_colors_info=\"{}\"]<\/p>\n<p><a href=\"(849) 207-8836\">(849) 207-8836<\/a><\/p>\n<p>[\/et_pb_blurb][et_pb_blurb title=\"Correo electr\u00f3nico\" use_icon=\"on\" font_icon=\"&#xf0e0;||fa||900&#8243; icon_color=\"#502D1E\" icon_placement=\"left\" image_icon_width=\"40px\" content_max_width=\"100%\" _builder_version=\"4.24.2&#8243; _module_preset=\"default\" header_text_color=\"#000000&#8243; background_color=\"#FFFFFF\" width=\"70%\" width_tablet=\"100%\" width_phone=\"100%\" width_last_edited=\"on|tablet\" module_alignment=\"left\" custom_padding=\"50px|30px|50px|30px|true|true\" border_radii=\"on|10px|10px|10px|10px\" box_shadow_style=\"preset1&#8243; box_shadow_color=\"rgba(0,0,0,0.12)\" locked=\"off\" global_colors_info=\"{}\"]<\/p>\n<p><a href=\"mailto:TDC@TDCfam.com\">TDC@TDCfam.com<\/a><\/p>\n<p>[\/et_pb_blurb][et_pb_blurb title=\"Direcci\u00f3n\" use_icon=\"on\" font_icon=\"&#xf5a0;||fa||900&#8243; icon_color=\"#502D1E\" icon_placement=\"left\" image_icon_width=\"40px\" content_max_width=\"100%\" _builder_version=\"4.24.2&#8243; _module_preset=\"default\" header_text_color=\"#000000&#8243; background_color=\"#FFFFFF\" width=\"70%\" width_tablet=\"100%\" width_phone=\"100%\" width_last_edited=\"on|tablet\" module_alignment=\"left\" custom_padding=\"50px|30px|50px|30px|true|true\" border_radii=\"on|10px|10px|10px|10px\" box_shadow_style=\"preset1&#8243; box_shadow_color=\"rgba(0,0,0,0.12)\" locked=\"off\" global_colors_info=\"{}\"]<\/p>\n<p><span>Santiago, Rep\u00fablica Dominica<\/span><\/p>\n<p>[\/et_pb_blurb][\/et_pb_column][\/et_pb_row][\/et_pb_section]<\/p>\n","protected":false},"excerpt":{"rendered":"<p><div class=\"et_pb_module dipl_floating_image dipl_floating_image_0\">\n\t\t\t\t\n\t\t\t\t\n\t\t\t\t\n\t\t\t\t\n\t\t\t\t\n\t\t\t\t\n\t\t\t\t<div class=\"et_pb_module_inner\">\n\t\t\t\t\t<div class=\"dipl_floating_images_wrapper\"><div class=\"et_pb_with_border et_pb_module dipl_floating_image_item dipl_floating_image_item_0\">\n\t\t\t\t\n\t\t\t\t\n\t\t\t\t\n\t\t\t\t\n\t\t\t\t\n\t\t\t\t\n\t\t\t\t<div class=\"et_pb_module_inner\">\n\t\t\t\t\t<img decoding=\"async\" src=\"http:\/\/tabacaleradiazcabrera.com\/wp-content\/uploads\/2024\/03\/IMG_1878-scaled.jpg\" alt=\"\" srcset=\"https:\/\/tabacaleradiazcabrera.com\/wp-content\/uploads\/2024\/03\/IMG_1878-scaled.jpg 1707w, https:\/\/tabacaleradiazcabrera.com\/wp-content\/uploads\/2024\/03\/IMG_1878-1280x1920.jpg 1280w, https:\/\/tabacaleradiazcabrera.com\/wp-content\/uploads\/2024\/03\/IMG_1878-980x1470.jpg 980w, https:\/\/tabacaleradiazcabrera.com\/wp-content\/uploads\/2024\/03\/IMG_1878-480x720.jpg 480w\" sizes=\"(min-width: 0px) and (max-width: 480px) 480px, (min-width: 481px) and (max-width: 980px) 980px, (min-width: 981px) and (max-width: 1280px) 1280px, (min-width: 1281px) 1707px, 100vw\" \/>\n\t\t\t\t<\/div>\n\t\t\t<\/div><\/div>\n\t\t\t\t<\/div>\n\t\t\t<\/div><div class=\"et_pb_module dipl_fancy_text dipl_fancy_text_0\">\n\t\t\t\t\n\t\t\t\t\n\t\t\t\t\n\t\t\t\t\n\t\t\t\t\n\t\t\t\t\n\t\t\t\t<div class=\"et_pb_module_inner\">\n\t\t\t\t\t<div class=dipl_gradient>\n\t\t\t\t<div class=\"dipl-text-wrapper\">\n\t\t\t\t\t<div class=\"dipl-text-wrapper-inner dipl_gradient_text\"><\/div>\n\t\t\t\t<\/div>\n\t\t\t<\/div>\n\t\t\t\t<\/div>\n\t\t\t<\/div>\u00a1Con\u00e9ctate con Nosotros! En Tabacalera [&hellip;]<\/p>\n","protected":false},"author":1,"featured_media":0,"parent":0,"menu_order":0,"comment_status":"closed","ping_status":"closed","template":"","meta":{"_et_pb_use_builder":"on","_et_pb_old_content":"","_et_gb_content_width":"","footnotes":""},"class_list":["post-96860","page","type-page","status-publish","hentry"],"_links":{"self":[{"href":"https:\/\/tabacaleradiazcabrera.com\/en\/wp-json\/wp\/v2\/pages\/96860","targetHints":{"allow":["GET"]}}],"collection":[{"href":"https:\/\/tabacaleradiazcabrera.com\/en\/wp-json\/wp\/v2\/pages"}],"about":[{"href":"https:\/\/tabacaleradiazcabrera.com\/en\/wp-json\/wp\/v2\/types\/page"}],"author":[{"embeddable":true,"href":"https:\/\/tabacaleradiazcabrera.com\/en\/wp-json\/wp\/v2\/users\/1"}],"replies":[{"embeddable":true,"href":"https:\/\/tabacaleradiazcabrera.com\/en\/wp-json\/wp\/v2\/comments?post=96860"}],"version-history":[{"count":9,"href":"https:\/\/tabacaleradiazcabrera.com\/en\/wp-json\/wp\/v2\/pages\/96860\/revisions"}],"predecessor-version":[{"id":99990,"href":"https:\/\/tabacaleradiazcabrera.com\/en\/wp-json\/wp\/v2\/pages\/96860\/revisions\/99990"}],"wp:attachment":[{"href":"https:\/\/tabacaleradiazcabrera.com\/en\/wp-json\/wp\/v2\/media?parent=96860"}],"curies":[{"name":"wp","href":"https:\/\/api.w.org\/{rel}","templated":true}]}}